

{"id":6577,"date":"2020-08-27T15:28:30","date_gmt":"2020-08-27T13:28:30","guid":{"rendered":"https:\/\/www.echelette.ch\/?page_id=6577"},"modified":"2020-08-28T11:08:37","modified_gmt":"2020-08-28T09:08:37","slug":"notre-histoire-reglement-du-23-juillet-1930","status":"publish","type":"page","link":"https:\/\/echelette.ch\/?page_id=6577","title":{"rendered":"R\u00e8glement du 23 juillet 1930"},"content":{"rendered":"\n<h3 class=\"wp-block-heading\">r\u00e9vis\u00e9 le 19 janvier 1935<\/h3>\n\n\n\n<div class=\"wp-block-file\"><a href=\"https:\/\/www.echelette.ch\/wp-content\/uploads\/Reglement-1930-07-23.pdf\"> <img decoding=\"async\" src=\"https:\/\/www.echelette.ch\/wp-content\/uploads\/2013\/02\/icon_pdf_64x64.png\" alt=\"\"><\/a><a href=\"https:\/\/www.echelette.ch\/wp-content\/uploads\/Reglement-1930-07-23.pdf\" class=\"wp-block-file__button\" download>T\u00e9l\u00e9charger<\/a><\/div>\n\n\n\n<div class=\"wp-block-jetpack-tiled-gallery aligncenter is-style-rectangular has-rounded-corners-6\"><div class=\"tiled-gallery__gallery\"><div class=\"tiled-gallery__row\"><div class=\"tiled-gallery__col\" style=\"flex-basis:32.779201965558016%\"><figure class=\"tiled-gallery__item\"><a href=\"https:\/\/i1.wp.com\/www.echelette.ch\/wp-content\/uploads\/Reglement19300723-01.jpg?ssl=1\"><img decoding=\"async\" srcset=\"https:\/\/i1.wp.com\/www.echelette.ch\/wp-content\/uploads\/Reglement19300723-01.jpg?strip=info&#038;w=600&#038;ssl=1 600w,https:\/\/i1.wp.com\/www.echelette.ch\/wp-content\/uploads\/Reglement19300723-01.jpg?strip=info&#038;w=900&#038;ssl=1 900w,https:\/\/i1.wp.com\/www.echelette.ch\/wp-content\/uploads\/Reglement19300723-01.jpg?strip=info&#038;w=1200&#038;ssl=1 1200w,https:\/\/i1.wp.com\/www.echelette.ch\/wp-content\/uploads\/Reglement19300723-01.jpg?strip=info&#038;w=1328&#038;ssl=1 1328w\" alt=\"\" data-height=\"1698\" data-id=\"6586\" data-link=\"https:\/\/www.echelette.ch\/?attachment_id=6586\" data-url=\"https:\/\/www.echelette.ch\/wp-content\/uploads\/Reglement19300723-01.jpg\" data-width=\"1328\" src=\"https:\/\/i1.wp.com\/www.echelette.ch\/wp-content\/uploads\/Reglement19300723-01.jpg?ssl=1\" layout=\"responsive\"\/><\/a><\/figure><\/div><div class=\"tiled-gallery__col\" style=\"flex-basis:33.86731002670801%\"><figure class=\"tiled-gallery__item\"><a href=\"https:\/\/i1.wp.com\/www.echelette.ch\/wp-content\/uploads\/Reglement19300723-02.jpg?ssl=1\"><img decoding=\"async\" srcset=\"https:\/\/i1.wp.com\/www.echelette.ch\/wp-content\/uploads\/Reglement19300723-02.jpg?strip=info&#038;w=600&#038;ssl=1 600w,https:\/\/i1.wp.com\/www.echelette.ch\/wp-content\/uploads\/Reglement19300723-02.jpg?strip=info&#038;w=900&#038;ssl=1 900w,https:\/\/i1.wp.com\/www.echelette.ch\/wp-content\/uploads\/Reglement19300723-02.jpg?strip=info&#038;w=1200&#038;ssl=1 1200w,https:\/\/i1.wp.com\/www.echelette.ch\/wp-content\/uploads\/Reglement19300723-02.jpg?strip=info&#038;w=1365&#038;ssl=1 1365w\" alt=\"\" data-height=\"1689\" data-id=\"6587\" data-link=\"https:\/\/www.echelette.ch\/?attachment_id=6587\" data-url=\"https:\/\/www.echelette.ch\/wp-content\/uploads\/Reglement19300723-02.jpg\" data-width=\"1365\" src=\"https:\/\/i1.wp.com\/www.echelette.ch\/wp-content\/uploads\/Reglement19300723-02.jpg?ssl=1\" layout=\"responsive\"\/><\/a><\/figure><\/div><div class=\"tiled-gallery__col\" style=\"flex-basis:33.35348800773398%\"><figure class=\"tiled-gallery__item\"><a href=\"https:\/\/i2.wp.com\/www.echelette.ch\/wp-content\/uploads\/Reglement19300723-03.jpg?ssl=1\"><img decoding=\"async\" srcset=\"https:\/\/i2.wp.com\/www.echelette.ch\/wp-content\/uploads\/Reglement19300723-03.jpg?strip=info&#038;w=600&#038;ssl=1 600w,https:\/\/i2.wp.com\/www.echelette.ch\/wp-content\/uploads\/Reglement19300723-03.jpg?strip=info&#038;w=900&#038;ssl=1 900w,https:\/\/i2.wp.com\/www.echelette.ch\/wp-content\/uploads\/Reglement19300723-03.jpg?strip=info&#038;w=1200&#038;ssl=1 1200w,https:\/\/i2.wp.com\/www.echelette.ch\/wp-content\/uploads\/Reglement19300723-03.jpg?strip=info&#038;w=1345&#038;ssl=1 1345w\" alt=\"\" data-height=\"1690\" data-id=\"6588\" data-link=\"https:\/\/www.echelette.ch\/?attachment_id=6588\" data-url=\"https:\/\/www.echelette.ch\/wp-content\/uploads\/Reglement19300723-03.jpg\" data-width=\"1345\" src=\"https:\/\/i2.wp.com\/www.echelette.ch\/wp-content\/uploads\/Reglement19300723-03.jpg?ssl=1\" layout=\"responsive\"\/><\/a><\/figure><\/div><\/div><div class=\"tiled-gallery__row\"><div class=\"tiled-gallery__col\" style=\"flex-basis:50.10700158468653%\"><figure class=\"tiled-gallery__item\"><a href=\"https:\/\/i0.wp.com\/www.echelette.ch\/wp-content\/uploads\/Reglement19300723-04.jpg?ssl=1\"><img decoding=\"async\" srcset=\"https:\/\/i0.wp.com\/www.echelette.ch\/wp-content\/uploads\/Reglement19300723-04.jpg?strip=info&#038;w=600&#038;ssl=1 600w,https:\/\/i0.wp.com\/www.echelette.ch\/wp-content\/uploads\/Reglement19300723-04.jpg?strip=info&#038;w=900&#038;ssl=1 900w,https:\/\/i0.wp.com\/www.echelette.ch\/wp-content\/uploads\/Reglement19300723-04.jpg?strip=info&#038;w=1200&#038;ssl=1 1200w,https:\/\/i0.wp.com\/www.echelette.ch\/wp-content\/uploads\/Reglement19300723-04.jpg?strip=info&#038;w=1352&#038;ssl=1 1352w\" alt=\"\" data-height=\"1684\" data-id=\"6589\" data-link=\"https:\/\/www.echelette.ch\/?attachment_id=6589\" data-url=\"https:\/\/www.echelette.ch\/wp-content\/uploads\/Reglement19300723-04.jpg\" data-width=\"1352\" src=\"https:\/\/i0.wp.com\/www.echelette.ch\/wp-content\/uploads\/Reglement19300723-04.jpg?ssl=1\" layout=\"responsive\"\/><\/a><\/figure><\/div><div class=\"tiled-gallery__col\" style=\"flex-basis:49.892998415313464%\"><figure class=\"tiled-gallery__item\"><a href=\"https:\/\/i0.wp.com\/www.echelette.ch\/wp-content\/uploads\/Reglement19300723-05.jpg?ssl=1\"><img decoding=\"async\" srcset=\"https:\/\/i0.wp.com\/www.echelette.ch\/wp-content\/uploads\/Reglement19300723-05.jpg?strip=info&#038;w=600&#038;ssl=1 600w,https:\/\/i0.wp.com\/www.echelette.ch\/wp-content\/uploads\/Reglement19300723-05.jpg?strip=info&#038;w=900&#038;ssl=1 900w,https:\/\/i0.wp.com\/www.echelette.ch\/wp-content\/uploads\/Reglement19300723-05.jpg?strip=info&#038;w=1200&#038;ssl=1 1200w,https:\/\/i0.wp.com\/www.echelette.ch\/wp-content\/uploads\/Reglement19300723-05.jpg?strip=info&#038;w=1359&#038;ssl=1 1359w\" alt=\"\" data-height=\"1700\" data-id=\"6590\" data-link=\"https:\/\/www.echelette.ch\/?attachment_id=6590\" data-url=\"https:\/\/www.echelette.ch\/wp-content\/uploads\/Reglement19300723-05.jpg\" data-width=\"1359\" src=\"https:\/\/i0.wp.com\/www.echelette.ch\/wp-content\/uploads\/Reglement19300723-05.jpg?ssl=1\" layout=\"responsive\"\/><\/a><\/figure><\/div><\/div><\/div><\/div>\n","protected":false},"excerpt":{"rendered":"<p>r\u00e9vis\u00e9 le 19 janvier 1935<\/p>\n","protected":false},"author":3,"featured_media":0,"parent":6572,"menu_order":0,"comment_status":"closed","ping_status":"closed","template":"","meta":{"ngg_post_thumbnail":0,"jetpack_post_was_ever_published":false,"footnotes":""},"class_list":["post-6577","page","type-page","status-publish","hentry","column","threecol"],"yoast_head":"<!-- This site is optimized with the Yoast SEO plugin v27.4 - https:\/\/yoast.com\/product\/yoast-seo-wordpress\/ -->\n<title>Ski-Club l&#039;Echelette - R\u00e8glement du 23 juillet 1930<\/title>\n<meta name=\"robots\" content=\"index, follow, max-snippet:-1, max-image-preview:large, max-video-preview:-1\" \/>\n<link rel=\"canonical\" href=\"https:\/\/echelette.ch\/?page_id=6577\" \/>\n<meta property=\"og:locale\" content=\"fr_FR\" \/>\n<meta property=\"og:type\" content=\"article\" \/>\n<meta property=\"og:title\" content=\"Ski-Club l&#039;Echelette - R\u00e8glement du 23 juillet 1930\" \/>\n<meta property=\"og:description\" content=\"r\u00e9vis\u00e9 le 19 janvier 1935\" \/>\n<meta property=\"og:url\" content=\"https:\/\/echelette.ch\/?page_id=6577\" \/>\n<meta property=\"og:site_name\" content=\"Ski-Club l&#039;Echelette\" \/>\n<meta property=\"article:modified_time\" content=\"2020-08-28T09:08:37+00:00\" \/>\n<meta property=\"og:image\" content=\"https:\/\/www.echelette.ch\/wp-content\/uploads\/2013\/02\/icon_pdf_64x64.png\" \/>\n<meta name=\"twitter:card\" content=\"summary_large_image\" \/>\n<script type=\"application\/ld+json\" class=\"yoast-schema-graph\">{\"@context\":\"https:\\\/\\\/schema.org\",\"@graph\":[{\"@type\":\"WebPage\",\"@id\":\"https:\\\/\\\/echelette.ch\\\/?page_id=6577\",\"url\":\"https:\\\/\\\/echelette.ch\\\/?page_id=6577\",\"name\":\"Ski-Club l&#039;Echelette - R\u00e8glement du 23 juillet 1930\",\"isPartOf\":{\"@id\":\"https:\\\/\\\/echelette.ch\\\/#website\"},\"primaryImageOfPage\":{\"@id\":\"https:\\\/\\\/echelette.ch\\\/?page_id=6577#primaryimage\"},\"image\":{\"@id\":\"https:\\\/\\\/echelette.ch\\\/?page_id=6577#primaryimage\"},\"thumbnailUrl\":\"https:\\\/\\\/www.echelette.ch\\\/wp-content\\\/uploads\\\/2013\\\/02\\\/icon_pdf_64x64.png\",\"datePublished\":\"2020-08-27T13:28:30+00:00\",\"dateModified\":\"2020-08-28T09:08:37+00:00\",\"breadcrumb\":{\"@id\":\"https:\\\/\\\/echelette.ch\\\/?page_id=6577#breadcrumb\"},\"inLanguage\":\"fr-FR\",\"potentialAction\":[{\"@type\":\"ReadAction\",\"target\":[\"https:\\\/\\\/echelette.ch\\\/?page_id=6577\"]}]},{\"@type\":\"ImageObject\",\"inLanguage\":\"fr-FR\",\"@id\":\"https:\\\/\\\/echelette.ch\\\/?page_id=6577#primaryimage\",\"url\":\"https:\\\/\\\/www.echelette.ch\\\/wp-content\\\/uploads\\\/2013\\\/02\\\/icon_pdf_64x64.png\",\"contentUrl\":\"https:\\\/\\\/www.echelette.ch\\\/wp-content\\\/uploads\\\/2013\\\/02\\\/icon_pdf_64x64.png\"},{\"@type\":\"BreadcrumbList\",\"@id\":\"https:\\\/\\\/echelette.ch\\\/?page_id=6577#breadcrumb\",\"itemListElement\":[{\"@type\":\"ListItem\",\"position\":1,\"name\":\"Accueil\",\"item\":\"https:\\\/\\\/echelette.ch\\\/\"},{\"@type\":\"ListItem\",\"position\":2,\"name\":\"Notre Histoire &#8211; page parent\",\"item\":\"https:\\\/\\\/echelette.ch\\\/?page_id=6572\"},{\"@type\":\"ListItem\",\"position\":3,\"name\":\"R\u00e8glement du 23 juillet 1930\"}]},{\"@type\":\"WebSite\",\"@id\":\"https:\\\/\\\/echelette.ch\\\/#website\",\"url\":\"https:\\\/\\\/echelette.ch\\\/\",\"name\":\"Ski-Club l&#039;Echelette\",\"description\":\"\",\"publisher\":{\"@id\":\"https:\\\/\\\/echelette.ch\\\/#organization\"},\"potentialAction\":[{\"@type\":\"SearchAction\",\"target\":{\"@type\":\"EntryPoint\",\"urlTemplate\":\"https:\\\/\\\/echelette.ch\\\/?s={search_term_string}\"},\"query-input\":{\"@type\":\"PropertyValueSpecification\",\"valueRequired\":true,\"valueName\":\"search_term_string\"}}],\"inLanguage\":\"fr-FR\"},{\"@type\":\"Organization\",\"@id\":\"https:\\\/\\\/echelette.ch\\\/#organization\",\"name\":\"Ski-Club l'Echelette\",\"url\":\"https:\\\/\\\/echelette.ch\\\/\",\"logo\":{\"@type\":\"ImageObject\",\"inLanguage\":\"fr-FR\",\"@id\":\"https:\\\/\\\/echelette.ch\\\/#\\\/schema\\\/logo\\\/image\\\/\",\"url\":\"https:\\\/\\\/www.echelette.ch\\\/wp-content\\\/uploads\\\/2013\\\/02\\\/cropped-timbre-poste-image.gif\",\"contentUrl\":\"https:\\\/\\\/www.echelette.ch\\\/wp-content\\\/uploads\\\/2013\\\/02\\\/cropped-timbre-poste-image.gif\",\"width\":200,\"height\":172,\"caption\":\"Ski-Club l'Echelette\"},\"image\":{\"@id\":\"https:\\\/\\\/echelette.ch\\\/#\\\/schema\\\/logo\\\/image\\\/\"}}]}<\/script>\n<!-- \/ Yoast SEO plugin. -->","yoast_head_json":{"title":"Ski-Club l&#039;Echelette - R\u00e8glement du 23 juillet 1930","robots":{"index":"index","follow":"follow","max-snippet":"max-snippet:-1","max-image-preview":"max-image-preview:large","max-video-preview":"max-video-preview:-1"},"canonical":"https:\/\/echelette.ch\/?page_id=6577","og_locale":"fr_FR","og_type":"article","og_title":"Ski-Club l&#039;Echelette - R\u00e8glement du 23 juillet 1930","og_description":"r\u00e9vis\u00e9 le 19 janvier 1935","og_url":"https:\/\/echelette.ch\/?page_id=6577","og_site_name":"Ski-Club l&#039;Echelette","article_modified_time":"2020-08-28T09:08:37+00:00","og_image":[{"url":"https:\/\/www.echelette.ch\/wp-content\/uploads\/2013\/02\/icon_pdf_64x64.png","type":"","width":"","height":""}],"twitter_card":"summary_large_image","schema":{"@context":"https:\/\/schema.org","@graph":[{"@type":"WebPage","@id":"https:\/\/echelette.ch\/?page_id=6577","url":"https:\/\/echelette.ch\/?page_id=6577","name":"Ski-Club l&#039;Echelette - R\u00e8glement du 23 juillet 1930","isPartOf":{"@id":"https:\/\/echelette.ch\/#website"},"primaryImageOfPage":{"@id":"https:\/\/echelette.ch\/?page_id=6577#primaryimage"},"image":{"@id":"https:\/\/echelette.ch\/?page_id=6577#primaryimage"},"thumbnailUrl":"https:\/\/www.echelette.ch\/wp-content\/uploads\/2013\/02\/icon_pdf_64x64.png","datePublished":"2020-08-27T13:28:30+00:00","dateModified":"2020-08-28T09:08:37+00:00","breadcrumb":{"@id":"https:\/\/echelette.ch\/?page_id=6577#breadcrumb"},"inLanguage":"fr-FR","potentialAction":[{"@type":"ReadAction","target":["https:\/\/echelette.ch\/?page_id=6577"]}]},{"@type":"ImageObject","inLanguage":"fr-FR","@id":"https:\/\/echelette.ch\/?page_id=6577#primaryimage","url":"https:\/\/www.echelette.ch\/wp-content\/uploads\/2013\/02\/icon_pdf_64x64.png","contentUrl":"https:\/\/www.echelette.ch\/wp-content\/uploads\/2013\/02\/icon_pdf_64x64.png"},{"@type":"BreadcrumbList","@id":"https:\/\/echelette.ch\/?page_id=6577#breadcrumb","itemListElement":[{"@type":"ListItem","position":1,"name":"Accueil","item":"https:\/\/echelette.ch\/"},{"@type":"ListItem","position":2,"name":"Notre Histoire &#8211; page parent","item":"https:\/\/echelette.ch\/?page_id=6572"},{"@type":"ListItem","position":3,"name":"R\u00e8glement du 23 juillet 1930"}]},{"@type":"WebSite","@id":"https:\/\/echelette.ch\/#website","url":"https:\/\/echelette.ch\/","name":"Ski-Club l&#039;Echelette","description":"","publisher":{"@id":"https:\/\/echelette.ch\/#organization"},"potentialAction":[{"@type":"SearchAction","target":{"@type":"EntryPoint","urlTemplate":"https:\/\/echelette.ch\/?s={search_term_string}"},"query-input":{"@type":"PropertyValueSpecification","valueRequired":true,"valueName":"search_term_string"}}],"inLanguage":"fr-FR"},{"@type":"Organization","@id":"https:\/\/echelette.ch\/#organization","name":"Ski-Club l'Echelette","url":"https:\/\/echelette.ch\/","logo":{"@type":"ImageObject","inLanguage":"fr-FR","@id":"https:\/\/echelette.ch\/#\/schema\/logo\/image\/","url":"https:\/\/www.echelette.ch\/wp-content\/uploads\/2013\/02\/cropped-timbre-poste-image.gif","contentUrl":"https:\/\/www.echelette.ch\/wp-content\/uploads\/2013\/02\/cropped-timbre-poste-image.gif","width":200,"height":172,"caption":"Ski-Club l'Echelette"},"image":{"@id":"https:\/\/echelette.ch\/#\/schema\/logo\/image\/"}}]}},"jetpack_shortlink":"https:\/\/wp.me\/P3b1fg-1I5","jetpack_sharing_enabled":true,"_links":{"self":[{"href":"https:\/\/echelette.ch\/index.php?rest_route=\/wp\/v2\/pages\/6577","targetHints":{"allow":["GET"]}}],"collection":[{"href":"https:\/\/echelette.ch\/index.php?rest_route=\/wp\/v2\/pages"}],"about":[{"href":"https:\/\/echelette.ch\/index.php?rest_route=\/wp\/v2\/types\/page"}],"author":[{"embeddable":true,"href":"https:\/\/echelette.ch\/index.php?rest_route=\/wp\/v2\/users\/3"}],"replies":[{"embeddable":true,"href":"https:\/\/echelette.ch\/index.php?rest_route=%2Fwp%2Fv2%2Fcomments&post=6577"}],"version-history":[{"count":5,"href":"https:\/\/echelette.ch\/index.php?rest_route=\/wp\/v2\/pages\/6577\/revisions"}],"predecessor-version":[{"id":6621,"href":"https:\/\/echelette.ch\/index.php?rest_route=\/wp\/v2\/pages\/6577\/revisions\/6621"}],"up":[{"embeddable":true,"href":"https:\/\/echelette.ch\/index.php?rest_route=\/wp\/v2\/pages\/6572"}],"wp:attachment":[{"href":"https:\/\/echelette.ch\/index.php?rest_route=%2Fwp%2Fv2%2Fmedia&parent=6577"}],"curies":[{"name":"wp","href":"https:\/\/api.w.org\/{rel}","templated":true}]}}