

{"id":5732,"date":"2020-03-02T17:29:19","date_gmt":"2020-03-02T16:29:19","guid":{"rendered":"https:\/\/www.echelette.ch\/?page_id=5732"},"modified":"2020-03-09T11:52:02","modified_gmt":"2020-03-09T10:52:02","slug":"assemblee-generale","status":"publish","type":"page","link":"https:\/\/echelette.ch\/?page_id=5732","title":{"rendered":"Assembl\u00e9e G\u00e9n\u00e9rale"},"content":{"rendered":"\r\n<style>\r\n.gras { font-weight: bold; }\r\n.rouge { color: #ff0000; }\r\n<\/style>\r\n\r\nLa date et le lieu de l&#8217;Assembl\u00e9e G\u00e9n\u00e9rale <h3 class='gras'>2027<\/h3> ne sont pas encore fix\u00e9s.<center><img src='https:\/\/www.echelette.ch\/wp-content\/uploads\/assembl\u00e9e-g\u00e9n\u00e9rale.jpg' width='300' alt='Assembl\u00e9e G\u00e9n\u00e9rale'><\/center>","protected":false},"excerpt":{"rendered":"","protected":false},"author":3,"featured_media":0,"parent":0,"menu_order":0,"comment_status":"closed","ping_status":"closed","template":"","meta":{"ngg_post_thumbnail":0,"jetpack_post_was_ever_published":false,"footnotes":""},"class_list":["post-5732","page","type-page","status-publish","hentry","column","threecol"],"yoast_head":"<!-- This site is optimized with the Yoast SEO plugin v27.4 - https:\/\/yoast.com\/product\/yoast-seo-wordpress\/ -->\n<title>Ski-Club l&#039;Echelette - Assembl\u00e9e G\u00e9n\u00e9rale<\/title>\n<meta name=\"robots\" content=\"index, follow, max-snippet:-1, max-image-preview:large, max-video-preview:-1\" \/>\n<link rel=\"canonical\" href=\"https:\/\/echelette.ch\/?page_id=5732\" \/>\n<meta property=\"og:locale\" content=\"fr_FR\" \/>\n<meta property=\"og:type\" content=\"article\" \/>\n<meta property=\"og:title\" content=\"Ski-Club l&#039;Echelette - Assembl\u00e9e G\u00e9n\u00e9rale\" \/>\n<meta property=\"og:url\" content=\"https:\/\/echelette.ch\/?page_id=5732\" \/>\n<meta property=\"og:site_name\" content=\"Ski-Club l&#039;Echelette\" \/>\n<meta property=\"article:modified_time\" content=\"2020-03-09T10:52:02+00:00\" \/>\n<meta name=\"twitter:card\" content=\"summary_large_image\" \/>\n<script type=\"application\/ld+json\" class=\"yoast-schema-graph\">{\"@context\":\"https:\\\/\\\/schema.org\",\"@graph\":[{\"@type\":\"WebPage\",\"@id\":\"https:\\\/\\\/echelette.ch\\\/?page_id=5732\",\"url\":\"https:\\\/\\\/echelette.ch\\\/?page_id=5732\",\"name\":\"Ski-Club l&#039;Echelette - Assembl\u00e9e G\u00e9n\u00e9rale\",\"isPartOf\":{\"@id\":\"https:\\\/\\\/echelette.ch\\\/#website\"},\"datePublished\":\"2020-03-02T16:29:19+00:00\",\"dateModified\":\"2020-03-09T10:52:02+00:00\",\"breadcrumb\":{\"@id\":\"https:\\\/\\\/echelette.ch\\\/?page_id=5732#breadcrumb\"},\"inLanguage\":\"fr-FR\",\"potentialAction\":[{\"@type\":\"ReadAction\",\"target\":[\"https:\\\/\\\/echelette.ch\\\/?page_id=5732\"]}]},{\"@type\":\"BreadcrumbList\",\"@id\":\"https:\\\/\\\/echelette.ch\\\/?page_id=5732#breadcrumb\",\"itemListElement\":[{\"@type\":\"ListItem\",\"position\":1,\"name\":\"Accueil\",\"item\":\"https:\\\/\\\/echelette.ch\\\/\"},{\"@type\":\"ListItem\",\"position\":2,\"name\":\"Assembl\u00e9e G\u00e9n\u00e9rale\"}]},{\"@type\":\"WebSite\",\"@id\":\"https:\\\/\\\/echelette.ch\\\/#website\",\"url\":\"https:\\\/\\\/echelette.ch\\\/\",\"name\":\"Ski-Club l&#039;Echelette\",\"description\":\"\",\"publisher\":{\"@id\":\"https:\\\/\\\/echelette.ch\\\/#organization\"},\"potentialAction\":[{\"@type\":\"SearchAction\",\"target\":{\"@type\":\"EntryPoint\",\"urlTemplate\":\"https:\\\/\\\/echelette.ch\\\/?s={search_term_string}\"},\"query-input\":{\"@type\":\"PropertyValueSpecification\",\"valueRequired\":true,\"valueName\":\"search_term_string\"}}],\"inLanguage\":\"fr-FR\"},{\"@type\":\"Organization\",\"@id\":\"https:\\\/\\\/echelette.ch\\\/#organization\",\"name\":\"Ski-Club l'Echelette\",\"url\":\"https:\\\/\\\/echelette.ch\\\/\",\"logo\":{\"@type\":\"ImageObject\",\"inLanguage\":\"fr-FR\",\"@id\":\"https:\\\/\\\/echelette.ch\\\/#\\\/schema\\\/logo\\\/image\\\/\",\"url\":\"https:\\\/\\\/www.echelette.ch\\\/wp-content\\\/uploads\\\/2013\\\/02\\\/cropped-timbre-poste-image.gif\",\"contentUrl\":\"https:\\\/\\\/www.echelette.ch\\\/wp-content\\\/uploads\\\/2013\\\/02\\\/cropped-timbre-poste-image.gif\",\"width\":200,\"height\":172,\"caption\":\"Ski-Club l'Echelette\"},\"image\":{\"@id\":\"https:\\\/\\\/echelette.ch\\\/#\\\/schema\\\/logo\\\/image\\\/\"}}]}<\/script>\n<!-- \/ Yoast SEO plugin. -->","yoast_head_json":{"title":"Ski-Club l&#039;Echelette - Assembl\u00e9e G\u00e9n\u00e9rale","robots":{"index":"index","follow":"follow","max-snippet":"max-snippet:-1","max-image-preview":"max-image-preview:large","max-video-preview":"max-video-preview:-1"},"canonical":"https:\/\/echelette.ch\/?page_id=5732","og_locale":"fr_FR","og_type":"article","og_title":"Ski-Club l&#039;Echelette - Assembl\u00e9e G\u00e9n\u00e9rale","og_url":"https:\/\/echelette.ch\/?page_id=5732","og_site_name":"Ski-Club l&#039;Echelette","article_modified_time":"2020-03-09T10:52:02+00:00","twitter_card":"summary_large_image","schema":{"@context":"https:\/\/schema.org","@graph":[{"@type":"WebPage","@id":"https:\/\/echelette.ch\/?page_id=5732","url":"https:\/\/echelette.ch\/?page_id=5732","name":"Ski-Club l&#039;Echelette - Assembl\u00e9e G\u00e9n\u00e9rale","isPartOf":{"@id":"https:\/\/echelette.ch\/#website"},"datePublished":"2020-03-02T16:29:19+00:00","dateModified":"2020-03-09T10:52:02+00:00","breadcrumb":{"@id":"https:\/\/echelette.ch\/?page_id=5732#breadcrumb"},"inLanguage":"fr-FR","potentialAction":[{"@type":"ReadAction","target":["https:\/\/echelette.ch\/?page_id=5732"]}]},{"@type":"BreadcrumbList","@id":"https:\/\/echelette.ch\/?page_id=5732#breadcrumb","itemListElement":[{"@type":"ListItem","position":1,"name":"Accueil","item":"https:\/\/echelette.ch\/"},{"@type":"ListItem","position":2,"name":"Assembl\u00e9e G\u00e9n\u00e9rale"}]},{"@type":"WebSite","@id":"https:\/\/echelette.ch\/#website","url":"https:\/\/echelette.ch\/","name":"Ski-Club l&#039;Echelette","description":"","publisher":{"@id":"https:\/\/echelette.ch\/#organization"},"potentialAction":[{"@type":"SearchAction","target":{"@type":"EntryPoint","urlTemplate":"https:\/\/echelette.ch\/?s={search_term_string}"},"query-input":{"@type":"PropertyValueSpecification","valueRequired":true,"valueName":"search_term_string"}}],"inLanguage":"fr-FR"},{"@type":"Organization","@id":"https:\/\/echelette.ch\/#organization","name":"Ski-Club l'Echelette","url":"https:\/\/echelette.ch\/","logo":{"@type":"ImageObject","inLanguage":"fr-FR","@id":"https:\/\/echelette.ch\/#\/schema\/logo\/image\/","url":"https:\/\/www.echelette.ch\/wp-content\/uploads\/2013\/02\/cropped-timbre-poste-image.gif","contentUrl":"https:\/\/www.echelette.ch\/wp-content\/uploads\/2013\/02\/cropped-timbre-poste-image.gif","width":200,"height":172,"caption":"Ski-Club l'Echelette"},"image":{"@id":"https:\/\/echelette.ch\/#\/schema\/logo\/image\/"}}]}},"jetpack_shortlink":"https:\/\/wp.me\/P3b1fg-1us","jetpack_sharing_enabled":true,"_links":{"self":[{"href":"https:\/\/echelette.ch\/index.php?rest_route=\/wp\/v2\/pages\/5732","targetHints":{"allow":["GET"]}}],"collection":[{"href":"https:\/\/echelette.ch\/index.php?rest_route=\/wp\/v2\/pages"}],"about":[{"href":"https:\/\/echelette.ch\/index.php?rest_route=\/wp\/v2\/types\/page"}],"author":[{"embeddable":true,"href":"https:\/\/echelette.ch\/index.php?rest_route=\/wp\/v2\/users\/3"}],"replies":[{"embeddable":true,"href":"https:\/\/echelette.ch\/index.php?rest_route=%2Fwp%2Fv2%2Fcomments&post=5732"}],"version-history":[{"count":4,"href":"https:\/\/echelette.ch\/index.php?rest_route=\/wp\/v2\/pages\/5732\/revisions"}],"predecessor-version":[{"id":5899,"href":"https:\/\/echelette.ch\/index.php?rest_route=\/wp\/v2\/pages\/5732\/revisions\/5899"}],"wp:attachment":[{"href":"https:\/\/echelette.ch\/index.php?rest_route=%2Fwp%2Fv2%2Fmedia&parent=5732"}],"curies":[{"name":"wp","href":"https:\/\/api.w.org\/{rel}","templated":true}]}}